{"id":479,"date":"2024-12-15T22:28:36","date_gmt":"2024-12-15T22:28:36","guid":{"rendered":"https:\/\/dianalacazadora.com\/calderas\/servicios-calderas-de-vapor-industriales-en-mexico-copy\/"},"modified":"2025-11-18T15:54:07","modified_gmt":"2025-11-18T15:54:07","slug":"reparacion-calderas-de-vapor-industriales-en-mexico","status":"publish","type":"page","link":"https:\/\/dianalacazadora.com\/calderas\/reparacion-calderas-de-vapor-industriales-en-mexico\/","title":{"rendered":"2.- Reparaci\u00f3n de Calderas de Vapor Industriales M\u00e9xico"},"content":{"rendered":"<div class=\"wp-block-image\">\n<figure class=\"alignright size-large is-resized\"><img loading=\"lazy\" decoding=\"async\" width=\"768\" height=\"1024\" src=\"https:\/\/dianalacazadora.com\/calderas\/wp-content\/uploads\/2024\/12\/Fallas-tecnicas-768x1024.jpg\" alt=\"\" class=\"wp-image-483\" style=\"width:518px;height:auto\" srcset=\"https:\/\/dianalacazadora.com\/calderas\/wp-content\/uploads\/2024\/12\/Fallas-tecnicas-768x1024.jpg 768w, https:\/\/dianalacazadora.com\/calderas\/wp-content\/uploads\/2024\/12\/Fallas-tecnicas-225x300.jpg 225w, https:\/\/dianalacazadora.com\/calderas\/wp-content\/uploads\/2024\/12\/Fallas-tecnicas-1152x1536.jpg 1152w, https:\/\/dianalacazadora.com\/calderas\/wp-content\/uploads\/2024\/12\/Fallas-tecnicas.jpg 1200w\" sizes=\"auto, (max-width: 768px) 100vw, 768px\" \/><\/figure>\n<\/div>\n\n\n<p>Reparaci\u00f3n de Calderas de Vapor Industriales M\u00e9xico<\/p>\n\n\n\n<p><strong>Atendemos Eventualidades<\/strong><\/p>\n\n\n\n<p><strong>Nuestro Compromiso Atenci\u00f3n y Servicio.<\/strong><\/p>\n\n\n\n<ul class=\"wp-block-list\">\n<li><strong>Diagn\u00f3stico inicial<\/strong>: Antes de cualquier reparaci\u00f3n, es crucial realizar una inspecci\u00f3n detallada para identificar la causa del problema, como fugas, fallas en v\u00e1lvulas, corrosi\u00f3n o acumulaci\u00f3n de sedimentos.<\/li>\n\n\n\n<li><strong>Mantenimiento preventivo<\/strong>: Realizar mantenimiento peri\u00f3dico puede prevenir da\u00f1os mayores. Esto incluye la limpieza de tubos, revisi\u00f3n de quemadores, control de presi\u00f3n y an\u00e1lisis de agua.<\/li>\n\n\n\n<li><strong>Sistemas de seguridad<\/strong>: Verificar y reparar los sistemas de seguridad, como v\u00e1lvulas de alivio, interruptores de nivel y controles de presi\u00f3n, es esencial para evitar accidentes.<\/li>\n\n\n\n<li><strong>Reparaci\u00f3n de fugas<\/strong>: Las fugas en las tuber\u00edas o el cuerpo de la caldera deben repararse de inmediato para evitar p\u00e9rdida de eficiencia o riesgos de explosi\u00f3n.<\/li>\n\n\n\n<li><strong>Calidad del agua<\/strong>: Una causa com\u00fan de fallas es la mala calidad del agua, que puede provocar incrustaciones o corrosi\u00f3n. Usar tratamientos qu\u00edmicos adecuados y sistemas de desmineralizaci\u00f3n puede ser necesario.<\/li>\n\n\n\n<li><strong>Reemplazo de componentes<\/strong>: Algunas piezas, como tubos, juntas, quemadores o sistemas el\u00e9ctricos, pueden requerir reemplazo si est\u00e1n demasiado deterioradas.<\/li>\n\n\n\n<li><strong>Soldaduras especializadas<\/strong>: En caso de da\u00f1os estructurales, es com\u00fan realizar soldaduras certificadas para garantizar la resistencia y seguridad del equipo.<\/li>\n\n\n\n<li><strong>Pruebas de presi\u00f3n e integridad<\/strong>: Despu\u00e9s de la reparaci\u00f3n, se realizan pruebas hidrost\u00e1ticas o neum\u00e1ticas para verificar que la caldera pueda operar sin fugas o fallas.<\/li>\n\n\n\n<li><strong>Cumplimiento normativo<\/strong>: Toda reparaci\u00f3n debe cumplir con las normas locales y est\u00e1ndares internacionales, como ASME, para garantizar la seguridad y funcionalidad del equipo.<\/li>\n\n\n\n<li><strong>Capacitaci\u00f3n del personal<\/strong>: Un equipo bien capacitado es esencial para operar y mantener las calderas correctamente, reduciendo el riesgo de aver\u00edas y alargando su vida \u00fatil.<a href=\"https:\/\/dianalacazadora.com\/calderas\/index.php\/calderas\/reparacion-y-mantenimiento-de-calderas\"><\/a><\/li>\n<\/ul>\n\n\n\n<p class=\"has-text-align-center\"><strong><a href=\"https:\/\/wa.link\/t7bcsd\">Cont\u00e1ctenos y un experto le atender\u00e1.<\/a><\/strong><\/p>\n\n\n<div class=\"wp-block-image\">\n<figure class=\"aligncenter size-full is-resized\"><a href=\"https:\/\/wa.link\/t7bcsd\"><img loading=\"lazy\" decoding=\"async\" width=\"540\" height=\"540\" src=\"https:\/\/dianalacazadora.com\/calderas\/wp-content\/uploads\/2025\/02\/Diseno-sin-titulo.png\" alt=\"\" class=\"wp-image-525\" style=\"width:76px;height:auto\" srcset=\"https:\/\/dianalacazadora.com\/calderas\/wp-content\/uploads\/2025\/02\/Diseno-sin-titulo.png 540w, https:\/\/dianalacazadora.com\/calderas\/wp-content\/uploads\/2025\/02\/Diseno-sin-titulo-300x300.png 300w, https:\/\/dianalacazadora.com\/calderas\/wp-content\/uploads\/2025\/02\/Diseno-sin-titulo-150x150.png 150w\" sizes=\"auto, (max-width: 540px) 100vw, 540px\" \/><\/a><\/figure>\n<\/div>\n\n\n<p class=\"has-text-align-center\"><\/p>\n\n\n\n<p><a href=\"https:\/\/dianalacazadora.com\/calderas\/index.php\/calderas\/reparacion-y-mantenimiento-de-calderas\"><strong><\/strong><\/a><\/p>\n","protected":false},"excerpt":{"rendered":"<p>Reparaci\u00f3n de Calderas de Vapor Industriales M\u00e9xico Atendemos Eventualidades Nuestro Compromiso Atenci\u00f3n y Servicio. Cont\u00e1ctenos y un experto le atender\u00e1.<\/p>\n","protected":false},"author":1,"featured_media":0,"parent":0,"menu_order":0,"comment_status":"closed","ping_status":"closed","template":"","meta":{"content-type":"","footnotes":""},"categories":[],"tags":[],"class_list":["post-479","page","type-page","status-publish","hentry"],"yoast_head":"<!-- This site is optimized with the Yoast SEO plugin v21.5 - https:\/\/yoast.com\/wordpress\/plugins\/seo\/ -->\n<title>2.- Reparaci\u00f3n de Calderas de Vapor Industriales M\u00e9xico - SEYMAC | T\u00e9cnicos en Calderas<\/title>\n<meta name=\"description\" content=\"Servicio a todo tipo de Calderas de Vapor Industriales, refacciones y servicio de emergencia. a toda la Rep\u00fablica. Whatsapp: 5524744330\" \/>\n<meta name=\"robots\" content=\"index, follow, max-snippet:-1, max-image-preview:large, max-video-preview:-1\" \/>\n<link rel=\"canonical\" href=\"https:\/\/dianalacazadora.com\/calderas\/reparacion-calderas-de-vapor-industriales-en-mexico\/\" \/>\n<meta property=\"og:locale\" content=\"es_MX\" \/>\n<meta property=\"og:type\" content=\"article\" \/>\n<meta property=\"og:title\" content=\"SEYMAC - Servicio a todo tipo de Calderas de Vapor Industriales,\" \/>\n<meta property=\"og:description\" content=\"Refacciones y servicio de emergencia. a toda la Rep\u00fablica. Whatsapp: 5524744330\" \/>\n<meta property=\"og:url\" content=\"https:\/\/dianalacazadora.com\/calderas\/reparacion-calderas-de-vapor-industriales-en-mexico\/\" \/>\n<meta property=\"og:site_name\" content=\"SEYMAC | T\u00e9cnicos en Calderas\" \/>\n<meta property=\"article:modified_time\" content=\"2025-11-18T15:54:07+00:00\" \/>\n<meta property=\"og:image\" content=\"https:\/\/dianalacazadora.com\/calderas\/wp-content\/uploads\/2024\/12\/img-01-1.png\" \/>\n\t<meta property=\"og:image:width\" content=\"1920\" \/>\n\t<meta property=\"og:image:height\" content=\"1024\" \/>\n\t<meta property=\"og:image:type\" content=\"image\/png\" \/>\n<meta name=\"twitter:card\" content=\"summary_large_image\" \/>\n<meta name=\"twitter:title\" content=\"SEYMAC - Servicio a todo tipo de Calderas de Vapor Industriales,\" \/>\n<meta name=\"twitter:description\" content=\"Refacciones y servicio de emergencia. a toda la Rep\u00fablica. Whatsapp: 5524744330\" \/>\n<meta name=\"twitter:image\" content=\"https:\/\/dianalacazadora.com\/calderas\/wp-content\/uploads\/2024\/12\/img-01-1.png\" \/>\n<meta name=\"twitter:label1\" content=\"Tiempo de lectura\" \/>\n\t<meta name=\"twitter:data1\" content=\"2 minutos\" \/>\n<script type=\"application\/ld+json\" class=\"yoast-schema-graph\">{\"@context\":\"https:\/\/schema.org\",\"@graph\":[{\"@type\":\"WebPage\",\"@id\":\"https:\/\/dianalacazadora.com\/calderas\/reparacion-calderas-de-vapor-industriales-en-mexico\/\",\"url\":\"https:\/\/dianalacazadora.com\/calderas\/reparacion-calderas-de-vapor-industriales-en-mexico\/\",\"name\":\"2.- Reparaci\u00f3n de Calderas de Vapor Industriales M\u00e9xico - SEYMAC | T\u00e9cnicos en Calderas\",\"isPartOf\":{\"@id\":\"https:\/\/dianalacazadora.com\/calderas\/#website\"},\"datePublished\":\"2024-12-15T22:28:36+00:00\",\"dateModified\":\"2025-11-18T15:54:07+00:00\",\"description\":\"Servicio a todo tipo de Calderas de Vapor Industriales, refacciones y servicio de emergencia. a toda la Rep\u00fablica. Whatsapp: 5524744330\",\"breadcrumb\":{\"@id\":\"https:\/\/dianalacazadora.com\/calderas\/reparacion-calderas-de-vapor-industriales-en-mexico\/#breadcrumb\"},\"inLanguage\":\"es\",\"potentialAction\":[{\"@type\":\"ReadAction\",\"target\":[\"https:\/\/dianalacazadora.com\/calderas\/reparacion-calderas-de-vapor-industriales-en-mexico\/\"]}]},{\"@type\":\"BreadcrumbList\",\"@id\":\"https:\/\/dianalacazadora.com\/calderas\/reparacion-calderas-de-vapor-industriales-en-mexico\/#breadcrumb\",\"itemListElement\":[{\"@type\":\"ListItem\",\"position\":1,\"name\":\"Inicio\",\"item\":\"https:\/\/dianalacazadora.com\/calderas\/\"},{\"@type\":\"ListItem\",\"position\":2,\"name\":\"2.- Reparaci\u00f3n de Calderas de Vapor Industriales M\u00e9xico\"}]},{\"@type\":\"WebSite\",\"@id\":\"https:\/\/dianalacazadora.com\/calderas\/#website\",\"url\":\"https:\/\/dianalacazadora.com\/calderas\/\",\"name\":\"SEYMAC | T\u00e9cnicos en Calderas\",\"description\":\"SEYMAC | T\u00e9cnicos en Calderas de Vapor Nuestra empresa cuenta con personal administrativo y T\u00e9cnico totalmente capacitado para ofrecer un mejor servicio.\",\"potentialAction\":[{\"@type\":\"SearchAction\",\"target\":{\"@type\":\"EntryPoint\",\"urlTemplate\":\"https:\/\/dianalacazadora.com\/calderas\/?s={search_term_string}\"},\"query-input\":\"required name=search_term_string\"}],\"inLanguage\":\"es\"}]}<\/script>\n<!-- \/ Yoast SEO plugin. -->","yoast_head_json":{"title":"2.- Reparaci\u00f3n de Calderas de Vapor Industriales M\u00e9xico - SEYMAC | T\u00e9cnicos en Calderas","description":"Servicio a todo tipo de Calderas de Vapor Industriales, refacciones y servicio de emergencia. a toda la Rep\u00fablica. Whatsapp: 5524744330","robots":{"index":"index","follow":"follow","max-snippet":"max-snippet:-1","max-image-preview":"max-image-preview:large","max-video-preview":"max-video-preview:-1"},"canonical":"https:\/\/dianalacazadora.com\/calderas\/reparacion-calderas-de-vapor-industriales-en-mexico\/","og_locale":"es_MX","og_type":"article","og_title":"SEYMAC - Servicio a todo tipo de Calderas de Vapor Industriales,","og_description":"Refacciones y servicio de emergencia. a toda la Rep\u00fablica. Whatsapp: 5524744330","og_url":"https:\/\/dianalacazadora.com\/calderas\/reparacion-calderas-de-vapor-industriales-en-mexico\/","og_site_name":"SEYMAC | T\u00e9cnicos en Calderas","article_modified_time":"2025-11-18T15:54:07+00:00","og_image":[{"width":1920,"height":1024,"url":"https:\/\/dianalacazadora.com\/calderas\/wp-content\/uploads\/2024\/12\/img-01-1.png","type":"image\/png"}],"twitter_card":"summary_large_image","twitter_title":"SEYMAC - Servicio a todo tipo de Calderas de Vapor Industriales,","twitter_description":"Refacciones y servicio de emergencia. a toda la Rep\u00fablica. Whatsapp: 5524744330","twitter_image":"https:\/\/dianalacazadora.com\/calderas\/wp-content\/uploads\/2024\/12\/img-01-1.png","twitter_misc":{"Tiempo de lectura":"2 minutos"},"schema":{"@context":"https:\/\/schema.org","@graph":[{"@type":"WebPage","@id":"https:\/\/dianalacazadora.com\/calderas\/reparacion-calderas-de-vapor-industriales-en-mexico\/","url":"https:\/\/dianalacazadora.com\/calderas\/reparacion-calderas-de-vapor-industriales-en-mexico\/","name":"2.- Reparaci\u00f3n de Calderas de Vapor Industriales M\u00e9xico - SEYMAC | T\u00e9cnicos en Calderas","isPartOf":{"@id":"https:\/\/dianalacazadora.com\/calderas\/#website"},"datePublished":"2024-12-15T22:28:36+00:00","dateModified":"2025-11-18T15:54:07+00:00","description":"Servicio a todo tipo de Calderas de Vapor Industriales, refacciones y servicio de emergencia. a toda la Rep\u00fablica. Whatsapp: 5524744330","breadcrumb":{"@id":"https:\/\/dianalacazadora.com\/calderas\/reparacion-calderas-de-vapor-industriales-en-mexico\/#breadcrumb"},"inLanguage":"es","potentialAction":[{"@type":"ReadAction","target":["https:\/\/dianalacazadora.com\/calderas\/reparacion-calderas-de-vapor-industriales-en-mexico\/"]}]},{"@type":"BreadcrumbList","@id":"https:\/\/dianalacazadora.com\/calderas\/reparacion-calderas-de-vapor-industriales-en-mexico\/#breadcrumb","itemListElement":[{"@type":"ListItem","position":1,"name":"Inicio","item":"https:\/\/dianalacazadora.com\/calderas\/"},{"@type":"ListItem","position":2,"name":"2.- Reparaci\u00f3n de Calderas de Vapor Industriales M\u00e9xico"}]},{"@type":"WebSite","@id":"https:\/\/dianalacazadora.com\/calderas\/#website","url":"https:\/\/dianalacazadora.com\/calderas\/","name":"SEYMAC | T\u00e9cnicos en Calderas","description":"SEYMAC | T\u00e9cnicos en Calderas de Vapor Nuestra empresa cuenta con personal administrativo y T\u00e9cnico totalmente capacitado para ofrecer un mejor servicio.","potentialAction":[{"@type":"SearchAction","target":{"@type":"EntryPoint","urlTemplate":"https:\/\/dianalacazadora.com\/calderas\/?s={search_term_string}"},"query-input":"required name=search_term_string"}],"inLanguage":"es"}]}},"_links":{"self":[{"href":"https:\/\/dianalacazadora.com\/calderas\/wp-json\/wp\/v2\/pages\/479","targetHints":{"allow":["GET"]}}],"collection":[{"href":"https:\/\/dianalacazadora.com\/calderas\/wp-json\/wp\/v2\/pages"}],"about":[{"href":"https:\/\/dianalacazadora.com\/calderas\/wp-json\/wp\/v2\/types\/page"}],"author":[{"embeddable":true,"href":"https:\/\/dianalacazadora.com\/calderas\/wp-json\/wp\/v2\/users\/1"}],"replies":[{"embeddable":true,"href":"https:\/\/dianalacazadora.com\/calderas\/wp-json\/wp\/v2\/comments?post=479"}],"version-history":[{"count":6,"href":"https:\/\/dianalacazadora.com\/calderas\/wp-json\/wp\/v2\/pages\/479\/revisions"}],"predecessor-version":[{"id":831,"href":"https:\/\/dianalacazadora.com\/calderas\/wp-json\/wp\/v2\/pages\/479\/revisions\/831"}],"wp:attachment":[{"href":"https:\/\/dianalacazadora.com\/calderas\/wp-json\/wp\/v2\/media?parent=479"}],"wp:term":[{"taxonomy":"category","embeddable":true,"href":"https:\/\/dianalacazadora.com\/calderas\/wp-json\/wp\/v2\/categories?post=479"},{"taxonomy":"post_tag","embeddable":true,"href":"https:\/\/dianalacazadora.com\/calderas\/wp-json\/wp\/v2\/tags?post=479"}],"curies":[{"name":"wp","href":"https:\/\/api.w.org\/{rel}","templated":true}]}}