{"id":487,"date":"2024-12-15T22:43:33","date_gmt":"2024-12-15T22:43:33","guid":{"rendered":"https:\/\/dianalacazadora.com\/calderas\/reparacion-calderas-de-vapor-industriales-en-mexico-copy\/"},"modified":"2025-11-18T15:53:58","modified_gmt":"2025-11-18T15:53:58","slug":"soporte-tecnico-para-calderas-de-vapor","status":"publish","type":"page","link":"https:\/\/dianalacazadora.com\/calderas\/soporte-tecnico-para-calderas-de-vapor\/","title":{"rendered":"3.- Soporte T\u00e9cnico para Calderas de Vapor"},"content":{"rendered":"<div class=\"wp-block-image\">\n<figure class=\"aligncenter size-full is-resized\"><img loading=\"lazy\" decoding=\"async\" width=\"600\" height=\"400\" src=\"https:\/\/dianalacazadora.com\/calderas\/wp-content\/uploads\/2024\/12\/img-01b-copy.jpg\" alt=\"\" class=\"wp-image-493\" style=\"width:593px;height:auto\" srcset=\"https:\/\/dianalacazadora.com\/calderas\/wp-content\/uploads\/2024\/12\/img-01b-copy.jpg 600w, https:\/\/dianalacazadora.com\/calderas\/wp-content\/uploads\/2024\/12\/img-01b-copy-300x200.jpg 300w\" sizes=\"auto, (max-width: 600px) 100vw, 600px\" \/><\/figure>\n<\/div>\n\n\n<p><strong>Atendemos Eventualidades<\/strong><\/p>\n\n\n\n<ol class=\"wp-block-list\">\n<li><strong>Asegurar la continuidad operativa<\/strong>: Un soporte t\u00e9cnico eficiente minimiza el tiempo de inactividad de las calderas, garantizando la producci\u00f3n constante en las industrias que dependen del vapor.<\/li>\n\n\n\n<li><strong>Prevenci\u00f3n de riesgos<\/strong>: El soporte t\u00e9cnico profesional reduce el riesgo de accidentes, como explosiones o fugas, mediante una correcta supervisi\u00f3n y soluci\u00f3n de problemas cr\u00edticos.<\/li>\n\n\n\n<li><strong>Optimizaci\u00f3n del rendimiento<\/strong>: Un buen soporte t\u00e9cnico ajusta los par\u00e1metros de la caldera para que opere con m\u00e1xima eficiencia, ahorrando combustible y recursos.<\/li>\n\n\n\n<li><strong>Respuesta inmediata a emergencias<\/strong>: Contar con t\u00e9cnicos capacitados permite resolver problemas de manera r\u00e1pida y efectiva, evitando p\u00e9rdidas econ\u00f3micas por interrupciones prolongadas.<\/li>\n\n\n\n<li><strong>Cumplimiento normativo<\/strong>: El soporte t\u00e9cnico asegura que las calderas cumplan con las normativas locales e internacionales, evitando multas o problemas legales.<\/li>\n\n\n\n<li><strong>Capacitaci\u00f3n del personal<\/strong>: Los t\u00e9cnicos capacitados no solo resuelven problemas, sino que tambi\u00e9n instruyen a los operadores para un manejo adecuado del equipo, previniendo fallas futuras.<\/li>\n\n\n\n<li><strong>Prolongaci\u00f3n de la vida \u00fatil<\/strong>: Un soporte t\u00e9cnico adecuado identifica y resuelve problemas a tiempo, lo que reduce el desgaste prematuro y extiende la vida \u00fatil de la caldera.<\/li>\n\n\n\n<li><strong>Personalizaci\u00f3n de soluciones<\/strong>: Un buen servicio t\u00e9cnico analiza las condiciones espec\u00edficas de operaci\u00f3n y adapta las soluciones a las necesidades \u00fanicas de cada cliente.<\/li>\n\n\n\n<li><strong>Eficiencia energ\u00e9tica y ahorro<\/strong>: Los t\u00e9cnicos especializados ayudan a identificar \u00e1reas de mejora en la operaci\u00f3n, reduciendo costos de combustible y emisiones contaminantes.<\/li>\n\n\n\n<li><strong>Fidelizaci\u00f3n del cliente<\/strong>: Brindar soporte t\u00e9cnico de calidad genera confianza y satisfacci\u00f3n en los clientes, asegurando relaciones comerciales a largo plazo.<\/li>\n<\/ol>\n\n\n\n<p><strong>Nuestra experiencia nos respalda y nuestros clientes Tambi\u00e9n<\/strong>.<\/p>\n\n\n\n<p>Somos gente capacitada para atender cualquier falla t\u00e9cnica, Al contar con m\u00e1s de 25 a\u00f1os en el mercado <\/p>\n\n\n\n<p>Contamos con la capacidad T\u00e9cnica y Econ\u00f3mica para Brindar servicio calificado en empresas como:<\/p>\n\n\n\n<figure class=\"wp-block-image is-resized\"><img decoding=\"async\" src=\"https:\/\/dianalacazadora.com\/calderas\/images\/1200px-FEMSA_Logo.svg.png\" alt=\"\" style=\"width:212px;height:auto\"\/><\/figure>\n\n\n\n<figure class=\"wp-block-image is-resized\"><img decoding=\"async\" src=\"https:\/\/dianalacazadora.com\/calderas\/images\/nestle-logo-png-transparent.png\" alt=\"\" style=\"width:208px;height:auto\"\/><\/figure>\n\n\n\n<p>entre otras.<\/p>\n\n\n\n<hr class=\"wp-block-separator has-alpha-channel-opacity\"\/>\n\n\n\n<p>Las cuales nos respaldan reconociendo nuestra capacidad y nuestro compromiso en el trabajo a lo largo de esto a\u00f1os.<\/p>\n\n\n\n<p>Cont\u00e1ctenos para mayor informaci\u00f3n<\/p>\n\n\n\n<p class=\"has-text-align-center\"><strong><a href=\"https:\/\/wa.link\/t7bcsd\">Cont\u00e1ctenos y un experto le atender\u00e1.<\/a><\/strong><\/p>\n\n\n<div class=\"wp-block-image\">\n<figure class=\"aligncenter size-full is-resized\"><a href=\"https:\/\/wa.link\/t7bcsd\"><img loading=\"lazy\" decoding=\"async\" width=\"540\" height=\"540\" src=\"https:\/\/dianalacazadora.com\/calderas\/wp-content\/uploads\/2025\/02\/Diseno-sin-titulo.png\" alt=\"\" class=\"wp-image-525\" style=\"width:76px;height:auto\" srcset=\"https:\/\/dianalacazadora.com\/calderas\/wp-content\/uploads\/2025\/02\/Diseno-sin-titulo.png 540w, https:\/\/dianalacazadora.com\/calderas\/wp-content\/uploads\/2025\/02\/Diseno-sin-titulo-300x300.png 300w, https:\/\/dianalacazadora.com\/calderas\/wp-content\/uploads\/2025\/02\/Diseno-sin-titulo-150x150.png 150w\" sizes=\"auto, (max-width: 540px) 100vw, 540px\" \/><\/a><\/figure>\n<\/div>\n\n\n<p class=\"has-text-align-center\"><\/p>\n\n\n\n<p><a href=\"https:\/\/dianalacazadora.com\/calderas\/index.php\/calderas\/reparacion-y-mantenimiento-de-calderas\"><strong><\/strong><\/a><\/p>\n","protected":false},"excerpt":{"rendered":"<p>Atendemos Eventualidades Nuestra experiencia nos respalda y nuestros clientes Tambi\u00e9n. Somos gente capacitada para atender cualquier falla t\u00e9cnica, Al contar con m\u00e1s de 25 a\u00f1os en el mercado Contamos con la capacidad T\u00e9cnica y Econ\u00f3mica para Brindar servicio calificado en empresas como: entre otras. Las cuales nos respaldan reconociendo nuestra capacidad y nuestro compromiso en [&hellip;]<\/p>\n","protected":false},"author":1,"featured_media":0,"parent":0,"menu_order":0,"comment_status":"closed","ping_status":"closed","template":"","meta":{"content-type":"","footnotes":""},"categories":[],"tags":[],"class_list":["post-487","page","type-page","status-publish","hentry"],"yoast_head":"<!-- This site is optimized with the Yoast SEO plugin v21.5 - https:\/\/yoast.com\/wordpress\/plugins\/seo\/ -->\n<title>3.- Soporte T\u00e9cnico para Calderas de Vapor - SEYMAC | T\u00e9cnicos en Calderas<\/title>\n<meta name=\"description\" content=\"Servicio a todo tipo de Calderas de Vapor Industriales, refacciones y servicio de emergencia. a toda la Rep\u00fablica. Whatsapp: 5524744330\" \/>\n<meta name=\"robots\" content=\"index, follow, max-snippet:-1, max-image-preview:large, max-video-preview:-1\" \/>\n<link rel=\"canonical\" href=\"https:\/\/dianalacazadora.com\/calderas\/soporte-tecnico-para-calderas-de-vapor\/\" \/>\n<meta property=\"og:locale\" content=\"es_MX\" \/>\n<meta property=\"og:type\" content=\"article\" \/>\n<meta property=\"og:title\" content=\"SEYMAC - Servicio a todo tipo de Calderas de Vapor Industriales,\" \/>\n<meta property=\"og:description\" content=\"Refacciones y servicio de emergencia. a toda la Rep\u00fablica. Whatsapp: 5524744330\" \/>\n<meta property=\"og:url\" content=\"https:\/\/dianalacazadora.com\/calderas\/soporte-tecnico-para-calderas-de-vapor\/\" \/>\n<meta property=\"og:site_name\" content=\"SEYMAC | T\u00e9cnicos en Calderas\" \/>\n<meta property=\"article:modified_time\" content=\"2025-11-18T15:53:58+00:00\" \/>\n<meta property=\"og:image\" content=\"https:\/\/dianalacazadora.com\/calderas\/wp-content\/uploads\/2024\/12\/img-01-1.png\" \/>\n\t<meta property=\"og:image:width\" content=\"1920\" \/>\n\t<meta property=\"og:image:height\" content=\"1024\" \/>\n\t<meta property=\"og:image:type\" content=\"image\/png\" \/>\n<meta name=\"twitter:card\" content=\"summary_large_image\" \/>\n<meta name=\"twitter:title\" content=\"SEYMAC - Servicio a todo tipo de Calderas de Vapor Industriales,\" \/>\n<meta name=\"twitter:description\" content=\"Refacciones y servicio de emergencia. a toda la Rep\u00fablica. Whatsapp: 5524744330\" \/>\n<meta name=\"twitter:image\" content=\"https:\/\/dianalacazadora.com\/calderas\/wp-content\/uploads\/2024\/12\/img-01-1.png\" \/>\n<meta name=\"twitter:label1\" content=\"Tiempo de lectura\" \/>\n\t<meta name=\"twitter:data1\" content=\"3 minutos\" \/>\n<script type=\"application\/ld+json\" class=\"yoast-schema-graph\">{\"@context\":\"https:\/\/schema.org\",\"@graph\":[{\"@type\":\"WebPage\",\"@id\":\"https:\/\/dianalacazadora.com\/calderas\/soporte-tecnico-para-calderas-de-vapor\/\",\"url\":\"https:\/\/dianalacazadora.com\/calderas\/soporte-tecnico-para-calderas-de-vapor\/\",\"name\":\"3.- Soporte T\u00e9cnico para Calderas de Vapor - SEYMAC | T\u00e9cnicos en Calderas\",\"isPartOf\":{\"@id\":\"https:\/\/dianalacazadora.com\/calderas\/#website\"},\"datePublished\":\"2024-12-15T22:43:33+00:00\",\"dateModified\":\"2025-11-18T15:53:58+00:00\",\"description\":\"Servicio a todo tipo de Calderas de Vapor Industriales, refacciones y servicio de emergencia. a toda la Rep\u00fablica. Whatsapp: 5524744330\",\"breadcrumb\":{\"@id\":\"https:\/\/dianalacazadora.com\/calderas\/soporte-tecnico-para-calderas-de-vapor\/#breadcrumb\"},\"inLanguage\":\"es\",\"potentialAction\":[{\"@type\":\"ReadAction\",\"target\":[\"https:\/\/dianalacazadora.com\/calderas\/soporte-tecnico-para-calderas-de-vapor\/\"]}]},{\"@type\":\"BreadcrumbList\",\"@id\":\"https:\/\/dianalacazadora.com\/calderas\/soporte-tecnico-para-calderas-de-vapor\/#breadcrumb\",\"itemListElement\":[{\"@type\":\"ListItem\",\"position\":1,\"name\":\"Inicio\",\"item\":\"https:\/\/dianalacazadora.com\/calderas\/\"},{\"@type\":\"ListItem\",\"position\":2,\"name\":\"3.- Soporte T\u00e9cnico para Calderas de Vapor\"}]},{\"@type\":\"WebSite\",\"@id\":\"https:\/\/dianalacazadora.com\/calderas\/#website\",\"url\":\"https:\/\/dianalacazadora.com\/calderas\/\",\"name\":\"SEYMAC | T\u00e9cnicos en Calderas\",\"description\":\"SEYMAC | T\u00e9cnicos en Calderas de Vapor Nuestra empresa cuenta con personal administrativo y T\u00e9cnico totalmente capacitado para ofrecer un mejor servicio.\",\"potentialAction\":[{\"@type\":\"SearchAction\",\"target\":{\"@type\":\"EntryPoint\",\"urlTemplate\":\"https:\/\/dianalacazadora.com\/calderas\/?s={search_term_string}\"},\"query-input\":\"required name=search_term_string\"}],\"inLanguage\":\"es\"}]}<\/script>\n<!-- \/ Yoast SEO plugin. -->","yoast_head_json":{"title":"3.- Soporte T\u00e9cnico para Calderas de Vapor - SEYMAC | T\u00e9cnicos en Calderas","description":"Servicio a todo tipo de Calderas de Vapor Industriales, refacciones y servicio de emergencia. a toda la Rep\u00fablica. Whatsapp: 5524744330","robots":{"index":"index","follow":"follow","max-snippet":"max-snippet:-1","max-image-preview":"max-image-preview:large","max-video-preview":"max-video-preview:-1"},"canonical":"https:\/\/dianalacazadora.com\/calderas\/soporte-tecnico-para-calderas-de-vapor\/","og_locale":"es_MX","og_type":"article","og_title":"SEYMAC - Servicio a todo tipo de Calderas de Vapor Industriales,","og_description":"Refacciones y servicio de emergencia. a toda la Rep\u00fablica. Whatsapp: 5524744330","og_url":"https:\/\/dianalacazadora.com\/calderas\/soporte-tecnico-para-calderas-de-vapor\/","og_site_name":"SEYMAC | T\u00e9cnicos en Calderas","article_modified_time":"2025-11-18T15:53:58+00:00","og_image":[{"width":1920,"height":1024,"url":"https:\/\/dianalacazadora.com\/calderas\/wp-content\/uploads\/2024\/12\/img-01-1.png","type":"image\/png"}],"twitter_card":"summary_large_image","twitter_title":"SEYMAC - Servicio a todo tipo de Calderas de Vapor Industriales,","twitter_description":"Refacciones y servicio de emergencia. a toda la Rep\u00fablica. Whatsapp: 5524744330","twitter_image":"https:\/\/dianalacazadora.com\/calderas\/wp-content\/uploads\/2024\/12\/img-01-1.png","twitter_misc":{"Tiempo de lectura":"3 minutos"},"schema":{"@context":"https:\/\/schema.org","@graph":[{"@type":"WebPage","@id":"https:\/\/dianalacazadora.com\/calderas\/soporte-tecnico-para-calderas-de-vapor\/","url":"https:\/\/dianalacazadora.com\/calderas\/soporte-tecnico-para-calderas-de-vapor\/","name":"3.- Soporte T\u00e9cnico para Calderas de Vapor - SEYMAC | T\u00e9cnicos en Calderas","isPartOf":{"@id":"https:\/\/dianalacazadora.com\/calderas\/#website"},"datePublished":"2024-12-15T22:43:33+00:00","dateModified":"2025-11-18T15:53:58+00:00","description":"Servicio a todo tipo de Calderas de Vapor Industriales, refacciones y servicio de emergencia. a toda la Rep\u00fablica. Whatsapp: 5524744330","breadcrumb":{"@id":"https:\/\/dianalacazadora.com\/calderas\/soporte-tecnico-para-calderas-de-vapor\/#breadcrumb"},"inLanguage":"es","potentialAction":[{"@type":"ReadAction","target":["https:\/\/dianalacazadora.com\/calderas\/soporte-tecnico-para-calderas-de-vapor\/"]}]},{"@type":"BreadcrumbList","@id":"https:\/\/dianalacazadora.com\/calderas\/soporte-tecnico-para-calderas-de-vapor\/#breadcrumb","itemListElement":[{"@type":"ListItem","position":1,"name":"Inicio","item":"https:\/\/dianalacazadora.com\/calderas\/"},{"@type":"ListItem","position":2,"name":"3.- Soporte T\u00e9cnico para Calderas de Vapor"}]},{"@type":"WebSite","@id":"https:\/\/dianalacazadora.com\/calderas\/#website","url":"https:\/\/dianalacazadora.com\/calderas\/","name":"SEYMAC | T\u00e9cnicos en Calderas","description":"SEYMAC | T\u00e9cnicos en Calderas de Vapor Nuestra empresa cuenta con personal administrativo y T\u00e9cnico totalmente capacitado para ofrecer un mejor servicio.","potentialAction":[{"@type":"SearchAction","target":{"@type":"EntryPoint","urlTemplate":"https:\/\/dianalacazadora.com\/calderas\/?s={search_term_string}"},"query-input":"required name=search_term_string"}],"inLanguage":"es"}]}},"_links":{"self":[{"href":"https:\/\/dianalacazadora.com\/calderas\/wp-json\/wp\/v2\/pages\/487","targetHints":{"allow":["GET"]}}],"collection":[{"href":"https:\/\/dianalacazadora.com\/calderas\/wp-json\/wp\/v2\/pages"}],"about":[{"href":"https:\/\/dianalacazadora.com\/calderas\/wp-json\/wp\/v2\/types\/page"}],"author":[{"embeddable":true,"href":"https:\/\/dianalacazadora.com\/calderas\/wp-json\/wp\/v2\/users\/1"}],"replies":[{"embeddable":true,"href":"https:\/\/dianalacazadora.com\/calderas\/wp-json\/wp\/v2\/comments?post=487"}],"version-history":[{"count":7,"href":"https:\/\/dianalacazadora.com\/calderas\/wp-json\/wp\/v2\/pages\/487\/revisions"}],"predecessor-version":[{"id":830,"href":"https:\/\/dianalacazadora.com\/calderas\/wp-json\/wp\/v2\/pages\/487\/revisions\/830"}],"wp:attachment":[{"href":"https:\/\/dianalacazadora.com\/calderas\/wp-json\/wp\/v2\/media?parent=487"}],"wp:term":[{"taxonomy":"category","embeddable":true,"href":"https:\/\/dianalacazadora.com\/calderas\/wp-json\/wp\/v2\/categories?post=487"},{"taxonomy":"post_tag","embeddable":true,"href":"https:\/\/dianalacazadora.com\/calderas\/wp-json\/wp\/v2\/tags?post=487"}],"curies":[{"name":"wp","href":"https:\/\/api.w.org\/{rel}","templated":true}]}}