{"id":719,"date":"2025-02-20T15:17:55","date_gmt":"2025-02-20T15:17:55","guid":{"rendered":"https:\/\/dianalacazadora.com\/calderas\/polizas-de-mantenimiento-calderas-de-vapor-industriales-copy\/"},"modified":"2025-11-18T15:44:14","modified_gmt":"2025-11-18T15:44:14","slug":"asesoria-para-mantenimiento-de-calderas","status":"publish","type":"page","link":"https:\/\/dianalacazadora.com\/calderas\/asesoria-para-mantenimiento-de-calderas\/","title":{"rendered":"Asesor\u00eda para mantenimiento de calderas."},"content":{"rendered":"<div class=\"wp-block-image\">\n<figure class=\"aligncenter size-full is-resized\"><img loading=\"lazy\" decoding=\"async\" width=\"867\" height=\"1156\" src=\"https:\/\/dianalacazadora.com\/calderas\/wp-content\/uploads\/2024\/12\/po__lizas_de_mantenimiento_por_favor-1.jpg\" alt=\"\" class=\"wp-image-499\" style=\"width:593px;height:auto\" srcset=\"https:\/\/dianalacazadora.com\/calderas\/wp-content\/uploads\/2024\/12\/po__lizas_de_mantenimiento_por_favor-1.jpg 867w, https:\/\/dianalacazadora.com\/calderas\/wp-content\/uploads\/2024\/12\/po__lizas_de_mantenimiento_por_favor-1-225x300.jpg 225w, https:\/\/dianalacazadora.com\/calderas\/wp-content\/uploads\/2024\/12\/po__lizas_de_mantenimiento_por_favor-1-768x1024.jpg 768w\" sizes=\"auto, (max-width: 867px) 100vw, 867px\" \/><\/figure>\n<\/div>\n\n\n<p class=\"has-text-align-center\"><br><strong>Servicio de asistencia t\u00e9cnica Acalderas de vapor industriales.<\/strong><\/p>\n\n\n\n<p class=\"has-text-align-center\"><em>Servicio T\u00e9cnico de calderas industriales<\/em>. \u2022 Asistencia T\u00e9cnica 24h \/ 365 d\u00edas \/ Servicio post-venta. Expertos en el mantenimiento y reparaci\u00f3n de calderas&nbsp;.<\/p>\n\n\n\n<p class=\"has-text-align-center\"><br><br>Evite corajes y que se pare su producci\u00f3n. Reparaci\u00f3n de&nbsp;<strong>urgencia<\/strong>&nbsp;calderas de vapor<strong>&nbsp;industriales.<\/strong><br><br>Nuestro equipo t\u00e9cnico, formado y con larga experiencia, ofrece adem\u00e1s de los servicios de&nbsp;mantenimiento de plantas de calderas&nbsp;de vapor industriales, un servicio de asistencia t\u00e9cnica para cualquier urgencia.<br><br>Apoyado por nuestro servicio de&nbsp;atenci\u00f3n telef\u00f3nica 24 horas, nuestros t\u00e9cnicos les proporcionaran el apoyo y asistencia necesaria para solucionar cualquier posible contratiempo.<br><br>Adem\u00e1s, les podemos dar cobertura a sus necesidades de&nbsp;puesta en marcha&nbsp;de<br><br>\u2022 Sistemas de&nbsp;<strong>caldera&nbsp;de vapor industriales<\/strong>.<br><br>\u2022 Sistemas de combusti\u00f3n,&nbsp;instalaciones&nbsp;de equipos a presi\u00f3n, combustibles, etc.<br><br>\u2022&nbsp;Asistencia t\u00e9cnica de&nbsp;calderas industriales.<br><br><br><img loading=\"lazy\" decoding=\"async\" height=\"373\" width=\"700\" src=\"https:\/\/dianalacazadora.com\/calderas\/media\/com_acymailing\/upload\/servicio_de_mantenimiento_a_calderas_industriales.png\" alt=\"\"><br><br><strong>Ofrecemos servicios de:<\/strong><br><br>\u2022&nbsp;Asistencia t\u00e9cnica para cualquier&nbsp;<strong>urgencia<br><br>\u2022&nbsp;<\/strong>Atenci\u00f3n telef\u00f3nica 24 horas.<br><br>\u2022&nbsp;Puesta en marcha de sistemas de caldera, de combusti\u00f3n, etc.<br><br>\u2022&nbsp;Instalaciones de equipos a presi\u00f3n, combustibles, etc.<br><br>\u2022 Servicio T\u00e9cnico de calderas industriales.<br><br>\u2022&nbsp;Asistencia T\u00e9cnica 24h \/ 365 d\u00edas \/ Servicio post-venta.<br><br>Expertos en el mantenimiento y reparaci\u00f3n de calderas industriales y de vapor. Servicio completo de reparaci\u00f3n, limpieza y cambio de refacciones de calderas industriales.&nbsp;e instalaci\u00f3n en&nbsp;calderas&nbsp;existentes.&nbsp;Reparaci\u00f3n&nbsp;o modificaci\u00f3n de la red de&nbsp;vapor.<br><br>Reparaci\u00f3n&nbsp;de equipos de generaci\u00f3n de calor y&nbsp;vapor. Disponemos de equipos multidisciplinares para realizar la&nbsp;reparaci\u00f3n de calderas.<br><br><strong>\u00bfQu\u00e9 hace un t\u00e9cnico en calderas?<\/strong><br><br>Supervisar que se lleve a cabo el buen manejo, limpieza y cuidado de las calderas. Verificar que se encuentre la correcta temperatura en los niveles de calentamiento y enfriamiento de las calderas.<\/p>\n\n\n\n<p>Te asesoramos via video llamada.<\/p>\n\n\n\n<ul class=\"wp-block-list\">\n<li>Mejoras de su sistema.<\/li>\n\n\n\n<li>Combusti\u00f3n.<\/li>\n\n\n\n<li>Actualizaci\u00f3n de refacciones.<\/li>\n\n\n\n<li>Actualizaci\u00f3n del equipo.<\/li>\n\n\n\n<li>Perdidas de calor.<\/li>\n\n\n\n<li>En tuber\u00eda.<\/li>\n<\/ul>\n\n\n\n<p class=\"has-text-align-center\">T\u00e9cnicos en calderas cleaver brooks<br>T\u00e9cnicos en calderas Power master<br>T\u00e9cnicos en calderas Leon<br><\/p>\n\n\n\n<p class=\"has-text-align-center\"><strong>T\u00e9cnicos en calderas cleaver brooks<br><br>T\u00e9cnicos en calderas Power master<br><br>T\u00e9cnicos en calderas Le\u00f3n<\/strong><strong><a href=\"https:\/\/wa.link\/t7bcsd\">Cont\u00e1ctenos y un experto le atender\u00e1.<\/a><\/strong><\/p>\n\n\n<div class=\"wp-block-image\">\n<figure class=\"aligncenter size-full is-resized\"><a href=\"https:\/\/wa.link\/t7bcsd\"><img loading=\"lazy\" decoding=\"async\" width=\"540\" height=\"540\" src=\"https:\/\/dianalacazadora.com\/calderas\/wp-content\/uploads\/2025\/02\/Diseno-sin-titulo.png\" alt=\"\" class=\"wp-image-525\" style=\"width:76px;height:auto\" srcset=\"https:\/\/dianalacazadora.com\/calderas\/wp-content\/uploads\/2025\/02\/Diseno-sin-titulo.png 540w, https:\/\/dianalacazadora.com\/calderas\/wp-content\/uploads\/2025\/02\/Diseno-sin-titulo-300x300.png 300w, https:\/\/dianalacazadora.com\/calderas\/wp-content\/uploads\/2025\/02\/Diseno-sin-titulo-150x150.png 150w\" sizes=\"auto, (max-width: 540px) 100vw, 540px\" \/><\/a><\/figure>\n<\/div>\n\n\n<p class=\"has-text-align-center\"><\/p>\n\n\n\n<p class=\"has-text-align-center\"><\/p>\n\n\n\n<p><a href=\"https:\/\/dianalacazadora.com\/calderas\/index.php\/calderas\/reparacion-y-mantenimiento-de-calderas\"><strong><\/strong><\/a><\/p>\n","protected":false},"excerpt":{"rendered":"<p>Servicio de asistencia t\u00e9cnica Acalderas de vapor industriales. Servicio T\u00e9cnico de calderas industriales. \u2022 Asistencia T\u00e9cnica 24h \/ 365 d\u00edas \/ Servicio post-venta. Expertos en el mantenimiento y reparaci\u00f3n de calderas&nbsp;. Evite corajes y que se pare su producci\u00f3n. Reparaci\u00f3n de&nbsp;urgencia&nbsp;calderas de vapor&nbsp;industriales. Nuestro equipo t\u00e9cnico, formado y con larga experiencia, ofrece adem\u00e1s de los [&hellip;]<\/p>\n","protected":false},"author":1,"featured_media":0,"parent":0,"menu_order":0,"comment_status":"closed","ping_status":"closed","template":"","meta":{"content-type":"","footnotes":""},"categories":[],"tags":[],"class_list":["post-719","page","type-page","status-publish","hentry"],"yoast_head":"<!-- This site is optimized with the Yoast SEO plugin v21.5 - https:\/\/yoast.com\/wordpress\/plugins\/seo\/ -->\n<title>asesoria-para-mantenimiento-de-calderasAsesor\u00eda para mantenimiento de calderas. - SEYMAC | T\u00e9cnicos en Calderas<\/title>\n<meta name=\"description\" content=\"Servicio a todo tipo de Calderas de Vapor Industriales, refacciones y servicio de emergencia. a toda la Rep\u00fablica. Whatsapp: 5524744330Servicio T\u00e9cnico de calderas industriales. \u2022 Asistencia T\u00e9cnica 24h \/ 365 d\u00edas \/ Servicio post-venta. Expertos en el mantenimiento y reparaci\u00f3n de calderas .\" \/>\n<meta name=\"robots\" content=\"index, follow, max-snippet:-1, max-image-preview:large, max-video-preview:-1\" \/>\n<link rel=\"canonical\" href=\"https:\/\/dianalacazadora.com\/calderas\/asesoria-para-mantenimiento-de-calderas\/\" \/>\n<meta property=\"og:locale\" content=\"es_MX\" \/>\n<meta property=\"og:type\" content=\"article\" \/>\n<meta property=\"og:title\" content=\"SEYMAC - Servicio a todo tipo de Calderas de Vapor Industriales,\" \/>\n<meta property=\"og:description\" content=\"Refacciones y servicio de emergencia. a toda la Rep\u00fablica. Whatsapp: 5524744330\" \/>\n<meta property=\"og:url\" content=\"https:\/\/dianalacazadora.com\/calderas\/asesoria-para-mantenimiento-de-calderas\/\" \/>\n<meta property=\"og:site_name\" content=\"SEYMAC | T\u00e9cnicos en Calderas\" \/>\n<meta property=\"article:modified_time\" content=\"2025-11-18T15:44:14+00:00\" \/>\n<meta property=\"og:image\" content=\"https:\/\/dianalacazadora.com\/calderas\/wp-content\/uploads\/2024\/12\/img-01-1.png\" \/>\n\t<meta property=\"og:image:width\" content=\"1920\" \/>\n\t<meta property=\"og:image:height\" content=\"1024\" \/>\n\t<meta property=\"og:image:type\" content=\"image\/png\" \/>\n<meta name=\"twitter:card\" content=\"summary_large_image\" \/>\n<meta name=\"twitter:title\" content=\"SEYMAC - Servicio a todo tipo de Calderas de Vapor Industriales,\" \/>\n<meta name=\"twitter:description\" content=\"Refacciones y servicio de emergencia. a toda la Rep\u00fablica. Whatsapp: 5524744330\" \/>\n<meta name=\"twitter:image\" content=\"https:\/\/dianalacazadora.com\/calderas\/wp-content\/uploads\/2024\/12\/img-01-1.png\" \/>\n<meta name=\"twitter:label1\" content=\"Tiempo de lectura\" \/>\n\t<meta name=\"twitter:data1\" content=\"3 minutos\" \/>\n<script type=\"application\/ld+json\" class=\"yoast-schema-graph\">{\"@context\":\"https:\/\/schema.org\",\"@graph\":[{\"@type\":\"WebPage\",\"@id\":\"https:\/\/dianalacazadora.com\/calderas\/asesoria-para-mantenimiento-de-calderas\/\",\"url\":\"https:\/\/dianalacazadora.com\/calderas\/asesoria-para-mantenimiento-de-calderas\/\",\"name\":\"asesoria-para-mantenimiento-de-calderasAsesor\u00eda para mantenimiento de calderas. - SEYMAC | T\u00e9cnicos en Calderas\",\"isPartOf\":{\"@id\":\"https:\/\/dianalacazadora.com\/calderas\/#website\"},\"datePublished\":\"2025-02-20T15:17:55+00:00\",\"dateModified\":\"2025-11-18T15:44:14+00:00\",\"description\":\"Servicio a todo tipo de Calderas de Vapor Industriales, refacciones y servicio de emergencia. a toda la Rep\u00fablica. Whatsapp: 5524744330Servicio T\u00e9cnico de calderas industriales. \u2022 Asistencia T\u00e9cnica 24h \/ 365 d\u00edas \/ Servicio post-venta. Expertos en el mantenimiento y reparaci\u00f3n de calderas .\",\"breadcrumb\":{\"@id\":\"https:\/\/dianalacazadora.com\/calderas\/asesoria-para-mantenimiento-de-calderas\/#breadcrumb\"},\"inLanguage\":\"es\",\"potentialAction\":[{\"@type\":\"ReadAction\",\"target\":[\"https:\/\/dianalacazadora.com\/calderas\/asesoria-para-mantenimiento-de-calderas\/\"]}]},{\"@type\":\"BreadcrumbList\",\"@id\":\"https:\/\/dianalacazadora.com\/calderas\/asesoria-para-mantenimiento-de-calderas\/#breadcrumb\",\"itemListElement\":[{\"@type\":\"ListItem\",\"position\":1,\"name\":\"Inicio\",\"item\":\"https:\/\/dianalacazadora.com\/calderas\/\"},{\"@type\":\"ListItem\",\"position\":2,\"name\":\"Asesor\u00eda para mantenimiento de calderas.\"}]},{\"@type\":\"WebSite\",\"@id\":\"https:\/\/dianalacazadora.com\/calderas\/#website\",\"url\":\"https:\/\/dianalacazadora.com\/calderas\/\",\"name\":\"SEYMAC | T\u00e9cnicos en Calderas\",\"description\":\"SEYMAC | T\u00e9cnicos en Calderas de Vapor Nuestra empresa cuenta con personal administrativo y T\u00e9cnico totalmente capacitado para ofrecer un mejor servicio.\",\"potentialAction\":[{\"@type\":\"SearchAction\",\"target\":{\"@type\":\"EntryPoint\",\"urlTemplate\":\"https:\/\/dianalacazadora.com\/calderas\/?s={search_term_string}\"},\"query-input\":\"required name=search_term_string\"}],\"inLanguage\":\"es\"}]}<\/script>\n<!-- \/ Yoast SEO plugin. -->","yoast_head_json":{"title":"asesoria-para-mantenimiento-de-calderasAsesor\u00eda para mantenimiento de calderas. - SEYMAC | T\u00e9cnicos en Calderas","description":"Servicio a todo tipo de Calderas de Vapor Industriales, refacciones y servicio de emergencia. a toda la Rep\u00fablica. Whatsapp: 5524744330Servicio T\u00e9cnico de calderas industriales. \u2022 Asistencia T\u00e9cnica 24h \/ 365 d\u00edas \/ Servicio post-venta. Expertos en el mantenimiento y reparaci\u00f3n de calderas .","robots":{"index":"index","follow":"follow","max-snippet":"max-snippet:-1","max-image-preview":"max-image-preview:large","max-video-preview":"max-video-preview:-1"},"canonical":"https:\/\/dianalacazadora.com\/calderas\/asesoria-para-mantenimiento-de-calderas\/","og_locale":"es_MX","og_type":"article","og_title":"SEYMAC - Servicio a todo tipo de Calderas de Vapor Industriales,","og_description":"Refacciones y servicio de emergencia. a toda la Rep\u00fablica. Whatsapp: 5524744330","og_url":"https:\/\/dianalacazadora.com\/calderas\/asesoria-para-mantenimiento-de-calderas\/","og_site_name":"SEYMAC | T\u00e9cnicos en Calderas","article_modified_time":"2025-11-18T15:44:14+00:00","og_image":[{"width":1920,"height":1024,"url":"https:\/\/dianalacazadora.com\/calderas\/wp-content\/uploads\/2024\/12\/img-01-1.png","type":"image\/png"}],"twitter_card":"summary_large_image","twitter_title":"SEYMAC - Servicio a todo tipo de Calderas de Vapor Industriales,","twitter_description":"Refacciones y servicio de emergencia. a toda la Rep\u00fablica. Whatsapp: 5524744330","twitter_image":"https:\/\/dianalacazadora.com\/calderas\/wp-content\/uploads\/2024\/12\/img-01-1.png","twitter_misc":{"Tiempo de lectura":"3 minutos"},"schema":{"@context":"https:\/\/schema.org","@graph":[{"@type":"WebPage","@id":"https:\/\/dianalacazadora.com\/calderas\/asesoria-para-mantenimiento-de-calderas\/","url":"https:\/\/dianalacazadora.com\/calderas\/asesoria-para-mantenimiento-de-calderas\/","name":"asesoria-para-mantenimiento-de-calderasAsesor\u00eda para mantenimiento de calderas. - SEYMAC | T\u00e9cnicos en Calderas","isPartOf":{"@id":"https:\/\/dianalacazadora.com\/calderas\/#website"},"datePublished":"2025-02-20T15:17:55+00:00","dateModified":"2025-11-18T15:44:14+00:00","description":"Servicio a todo tipo de Calderas de Vapor Industriales, refacciones y servicio de emergencia. a toda la Rep\u00fablica. Whatsapp: 5524744330Servicio T\u00e9cnico de calderas industriales. \u2022 Asistencia T\u00e9cnica 24h \/ 365 d\u00edas \/ Servicio post-venta. Expertos en el mantenimiento y reparaci\u00f3n de calderas .","breadcrumb":{"@id":"https:\/\/dianalacazadora.com\/calderas\/asesoria-para-mantenimiento-de-calderas\/#breadcrumb"},"inLanguage":"es","potentialAction":[{"@type":"ReadAction","target":["https:\/\/dianalacazadora.com\/calderas\/asesoria-para-mantenimiento-de-calderas\/"]}]},{"@type":"BreadcrumbList","@id":"https:\/\/dianalacazadora.com\/calderas\/asesoria-para-mantenimiento-de-calderas\/#breadcrumb","itemListElement":[{"@type":"ListItem","position":1,"name":"Inicio","item":"https:\/\/dianalacazadora.com\/calderas\/"},{"@type":"ListItem","position":2,"name":"Asesor\u00eda para mantenimiento de calderas."}]},{"@type":"WebSite","@id":"https:\/\/dianalacazadora.com\/calderas\/#website","url":"https:\/\/dianalacazadora.com\/calderas\/","name":"SEYMAC | T\u00e9cnicos en Calderas","description":"SEYMAC | T\u00e9cnicos en Calderas de Vapor Nuestra empresa cuenta con personal administrativo y T\u00e9cnico totalmente capacitado para ofrecer un mejor servicio.","potentialAction":[{"@type":"SearchAction","target":{"@type":"EntryPoint","urlTemplate":"https:\/\/dianalacazadora.com\/calderas\/?s={search_term_string}"},"query-input":"required name=search_term_string"}],"inLanguage":"es"}]}},"_links":{"self":[{"href":"https:\/\/dianalacazadora.com\/calderas\/wp-json\/wp\/v2\/pages\/719","targetHints":{"allow":["GET"]}}],"collection":[{"href":"https:\/\/dianalacazadora.com\/calderas\/wp-json\/wp\/v2\/pages"}],"about":[{"href":"https:\/\/dianalacazadora.com\/calderas\/wp-json\/wp\/v2\/types\/page"}],"author":[{"embeddable":true,"href":"https:\/\/dianalacazadora.com\/calderas\/wp-json\/wp\/v2\/users\/1"}],"replies":[{"embeddable":true,"href":"https:\/\/dianalacazadora.com\/calderas\/wp-json\/wp\/v2\/comments?post=719"}],"version-history":[{"count":3,"href":"https:\/\/dianalacazadora.com\/calderas\/wp-json\/wp\/v2\/pages\/719\/revisions"}],"predecessor-version":[{"id":790,"href":"https:\/\/dianalacazadora.com\/calderas\/wp-json\/wp\/v2\/pages\/719\/revisions\/790"}],"wp:attachment":[{"href":"https:\/\/dianalacazadora.com\/calderas\/wp-json\/wp\/v2\/media?parent=719"}],"wp:term":[{"taxonomy":"category","embeddable":true,"href":"https:\/\/dianalacazadora.com\/calderas\/wp-json\/wp\/v2\/categories?post=719"},{"taxonomy":"post_tag","embeddable":true,"href":"https:\/\/dianalacazadora.com\/calderas\/wp-json\/wp\/v2\/tags?post=719"}],"curies":[{"name":"wp","href":"https:\/\/api.w.org\/{rel}","templated":true}]}}